{"id":61,"date":"2021-08-05T21:04:50","date_gmt":"2021-08-05T21:04:50","guid":{"rendered":"http:\/\/clinicakatondo.ao\/?page_id=61"},"modified":"2022-04-05T07:12:40","modified_gmt":"2022-04-05T06:12:40","slug":"cadastro","status":"publish","type":"page","link":"https:\/\/clinicakatondo.ao\/index.php\/cadastro\/","title":{"rendered":"Cadastro"},"content":{"rendered":"<p>[et_pb_section fb_built=&#8221;1&#8243; _builder_version=&#8221;4.9.2&#8243; _module_preset=&#8221;default&#8221; custom_padding=&#8221;8px|||||&#8221; global_colors_info=&#8221;{}&#8221;][et_pb_row column_structure=&#8221;1_2,1_2&#8243; _builder_version=&#8221;4.9.2&#8243; _module_preset=&#8221;default&#8221; global_colors_info=&#8221;{}&#8221;][et_pb_column type=&#8221;1_2&#8243; _builder_version=&#8221;4.9.2&#8243; _module_preset=&#8221;default&#8221; global_colors_info=&#8221;{}&#8221;][et_pb_text _builder_version=&#8221;4.9.2&#8243; _module_preset=&#8221;default&#8221; global_colors_info=&#8221;{}&#8221;]<\/p>\n<h3 style=\"text-align: center;\"><strong>Cadastro de Pacientes<\/strong><\/h3>\n<p>[\/et_pb_text][et_pb_text _builder_version=&#8221;4.9.2&#8243; _module_preset=&#8221;default&#8221; global_colors_info=&#8221;{}&#8221;]<\/p>\n\n<div class=\"wpcf7 no-js\" id=\"wpcf7-f63-o1\" lang=\"pt-PT\" dir=\"ltr\" data-wpcf7-id=\"63\">\n<div class=\"screen-reader-response\"><p role=\"status\" aria-live=\"polite\" aria-atomic=\"true\"><\/p> <ul><\/ul><\/div>\n<form action=\"\/index.php\/wp-json\/wp\/v2\/pages\/61#wpcf7-f63-o1\" method=\"post\" class=\"wpcf7-form init\" aria-label=\"Formul\u00e1rio de contacto\" enctype=\"multipart\/form-data\" novalidate=\"novalidate\" data-status=\"init\">\n<fieldset class=\"hidden-fields-container\"><input type=\"hidden\" name=\"_wpcf7\" value=\"63\" \/><input type=\"hidden\" name=\"_wpcf7_version\" value=\"6.1.4\" \/><input type=\"hidden\" name=\"_wpcf7_locale\" value=\"pt_PT\" \/><input type=\"hidden\" name=\"_wpcf7_unit_tag\" value=\"wpcf7-f63-o1\" \/><input type=\"hidden\" name=\"_wpcf7_container_post\" value=\"0\" \/><input type=\"hidden\" name=\"_wpcf7_posted_data_hash\" value=\"\" \/>\n<\/fieldset>\n<p><label> Nome<br \/>\n<span class=\"wpcf7-form-control-wrap\" data-name=\"your-name\"><input size=\"40\" maxlength=\"400\" class=\"wpcf7-form-control wpcf7-text wpcf7-validates-as-required\" aria-required=\"true\" aria-invalid=\"false\" value=\"\" type=\"text\" name=\"your-name\" \/><\/span> <\/label>\n<\/p>\n<p><label> Email<br \/>\n<span class=\"wpcf7-form-control-wrap\" data-name=\"your-email\"><input size=\"40\" maxlength=\"400\" class=\"wpcf7-form-control wpcf7-email wpcf7-validates-as-required wpcf7-text wpcf7-validates-as-email\" aria-required=\"true\" aria-invalid=\"false\" value=\"\" type=\"email\" name=\"your-email\" \/><\/span> <\/label>\n<\/p>\n<p><label> Data de Nascimento<br \/>\n<span class=\"wpcf7-form-control-wrap\" data-name=\"datadenascimento\"><input size=\"40\" maxlength=\"400\" class=\"wpcf7-form-control wpcf7-tel wpcf7-validates-as-required wpcf7-text wpcf7-validates-as-tel\" aria-required=\"true\" aria-invalid=\"false\" value=\"\" type=\"tel\" name=\"datadenascimento\" \/><\/span> <\/label>\n<\/p>\n<p><label> Tipo de Documento<br \/>\n<span class=\"wpcf7-form-control-wrap\" data-name=\"tipodedocumento\"><select class=\"wpcf7-form-control wpcf7-select wpcf7-validates-as-required\" aria-required=\"true\" aria-invalid=\"false\" name=\"tipodedocumento\"><option value=\"\">&#8212;Por favor escolha uma op\u00e7\u00e3o&#8212;<\/option><option value=\"C\u00e9dula Pessoal\">C\u00e9dula Pessoal<\/option><option value=\"Bilhete de Identidade Passaporte\">Bilhete de Identidade Passaporte<\/option><option value=\"Carta de Condu\u00e7\u00e3o\">Carta de Condu\u00e7\u00e3o<\/option><\/select><\/span> <\/label>\n<\/p>\n<p><label> N\u00ba de Documento<br \/>\n<span class=\"wpcf7-form-control-wrap\" data-name=\"documento\"><input size=\"40\" maxlength=\"400\" class=\"wpcf7-form-control wpcf7-text wpcf7-validates-as-required\" aria-required=\"true\" aria-invalid=\"false\" value=\"\" type=\"text\" name=\"documento\" \/><\/span> <\/label>\n<\/p>\n<p><label> Sexo<br \/>\n<span class=\"wpcf7-form-control-wrap\" data-name=\"sexo\"><select class=\"wpcf7-form-control wpcf7-select wpcf7-validates-as-required\" aria-required=\"true\" aria-invalid=\"false\" name=\"sexo\"><option value=\"\">&#8212;Por favor escolha uma op\u00e7\u00e3o&#8212;<\/option><option value=\"Masculino\">Masculino<\/option><option value=\"Feminino\">Feminino<\/option><\/select><\/span> <\/label>\n<\/p>\n<p><label> Morada<br \/>\n<span class=\"wpcf7-form-control-wrap\" data-name=\"morada\"><input size=\"40\" maxlength=\"400\" class=\"wpcf7-form-control wpcf7-text wpcf7-validates-as-required\" aria-required=\"true\" aria-invalid=\"false\" value=\"\" type=\"text\" name=\"morada\" \/><\/span> <\/label>\n<\/p>\n<p><label> Contacto<br \/>\n<span class=\"wpcf7-form-control-wrap\" data-name=\"contacto\"><input size=\"40\" maxlength=\"400\" class=\"wpcf7-form-control wpcf7-tel wpcf7-validates-as-required wpcf7-text wpcf7-validates-as-tel\" aria-required=\"true\" aria-invalid=\"false\" value=\"\" type=\"tel\" name=\"contacto\" \/><\/span> <\/label>\n<\/p>\n<p><label> Hist\u00f3rico de Sa\u00fade<br \/>\n<span class=\"wpcf7-form-control-wrap\" data-name=\"historicodesaude\"><textarea cols=\"40\" rows=\"10\" maxlength=\"2000\" class=\"wpcf7-form-control wpcf7-textarea\" aria-invalid=\"false\" name=\"historicodesaude\"><\/textarea><\/span> <\/label>\n<\/p>\n<p><label> Adicione o seu comprovante de pagamento<br \/>\n<span class=\"wpcf7-form-control-wrap\" data-name=\"comprovante\"><input size=\"40\" class=\"wpcf7-form-control wpcf7-file\" accept=\"audio\/*,video\/*,image\/*\" aria-invalid=\"false\" type=\"file\" name=\"comprovante\" \/><\/span> <\/label>\n<\/p>\n<p><input class=\"wpcf7-form-control wpcf7-submit has-spinner\" type=\"submit\" value=\"Finalizar Cadastro\" \/>\n<\/p><div class=\"wpcf7-response-output\" aria-hidden=\"true\"><\/div>\n<\/form>\n<\/div>\n\n<p>[\/et_pb_text][\/et_pb_column][et_pb_column type=&#8221;1_2&#8243; _builder_version=&#8221;4.9.2&#8243; _module_preset=&#8221;default&#8221; global_colors_info=&#8221;{}&#8221;][et_pb_image src=&#8221;https:\/\/clinicakatondo.ao\/wp-content\/uploads\/2021\/08\/ib.png&#8221; title_text=&#8221;ib&#8221; _builder_version=&#8221;4.9.2&#8243; _module_preset=&#8221;default&#8221; custom_margin=&#8221;||12px|||&#8221; global_colors_info=&#8221;{}&#8221;][\/et_pb_image][et_pb_text _builder_version=&#8221;4.9.2&#8243; _module_preset=&#8221;default&#8221; global_colors_info=&#8221;{}&#8221; custom_margin=&#8221;||24px|||&#8221;]<\/p>\n<p style=\"text-align: justify;\"><span style=\"font-size: 14px;\">Para efectuar o pagamento da sua consulta online, queira por favor faz\u00ea-lo atrav\u00e9s do Multicaixa normal, Express ou Internet Banking pelas coordenadas abaixo, e adicione o seu comprovativo no final do formul\u00e1rio.<\/span><\/p>\n<p>[\/et_pb_text][et_pb_text _builder_version=&#8221;4.14.7&#8243; _module_preset=&#8221;default&#8221; hover_enabled=&#8221;0&#8243; sticky_enabled=&#8221;0&#8243; custom_margin=&#8221;||23px|||&#8221;]<\/p>\n<p style=\"text-align: center;\"><strong>EGUS EMPRESA DE GEST\u00c3O DE UNIDADE DE SA\u00daDE, LDA <\/strong><\/p>\n<p style=\"text-align: center;\"><strong>CL\u00cdNICA KATONDO\u00a0 \u00a0|\u00a0 \u00a0 <\/strong><strong style=\"font-size: 14px;\">N\u00ba Contribuinte: 5480040744<\/strong><\/p>\n<p>[\/et_pb_text][et_pb_text _builder_version=&#8221;4.9.2&#8243; _module_preset=&#8221;default&#8221; custom_margin=&#8221;||0px|||&#8221; custom_padding=&#8221;||0px|||&#8221; global_colors_info=&#8221;{}&#8221;]<\/p>\n<p><strong><img loading=\"lazy\" decoding=\"async\" src=\"https:\/\/clinicakatondo.ao\/wp-content\/uploads\/2021\/08\/unnamed-3-300x300.png\" width=\"80\" height=\"80\" alt=\"\" class=\"wp-image-75 alignnone size-medium\" style=\"display: block; margin-left: auto; margin-right: auto;\" \/><\/strong><\/p>\n<p style=\"text-align: center;\"><strong>IBAN:<\/strong> AO06 0006 0000 1165 6415 3019 1 <strong>(AKZ)<\/strong><\/p>\n<p><strong><\/strong><\/p>\n<p><strong><img loading=\"lazy\" decoding=\"async\" src=\"https:\/\/clinicakatondo.ao\/wp-content\/uploads\/2021\/08\/icones-104.png\" width=\"80\" height=\"81\" alt=\"\" class=\"wp-image-72 alignnone size-full\" style=\"display: block; margin-left: auto; margin-right: auto;\" srcset=\"https:\/\/clinicakatondo.ao\/wp-content\/uploads\/2021\/08\/icones-104.png 267w, https:\/\/clinicakatondo.ao\/wp-content\/uploads\/2021\/08\/icones-104-150x150.png 150w\" sizes=\"(max-width: 80px) 100vw, 80px\" \/><\/strong><\/p>\n<p style=\"text-align: center;\"><strong>IBAN: <\/strong>AO06 0040 0000 9426 0772 1029 1 <strong>(AKZ)<\/strong><\/p>\n<p>&nbsp;<\/p>\n<p>[\/et_pb_text][et_pb_text _builder_version=&#8221;4.14.7&#8243; _module_preset=&#8221;default&#8221; global_colors_info=&#8221;{}&#8221;]<\/p>\n<p><strong><img loading=\"lazy\" decoding=\"async\" src=\"https:\/\/clinicakatondo.ao\/wp-content\/uploads\/2022\/04\/apps.20170.13510798882838767.bf0e0b36-ce5d-43b2-b6c6-c4974910d78d-300x300.png\" width=\"80\" height=\"80\" alt=\"\" class=\"wp-image-225 alignnone size-medium\" style=\"display: block; margin-left: auto; margin-right: auto;\" srcset=\"https:\/\/clinicakatondo.ao\/wp-content\/uploads\/2022\/04\/apps.20170.13510798882838767.bf0e0b36-ce5d-43b2-b6c6-c4974910d78d.png 300w, https:\/\/clinicakatondo.ao\/wp-content\/uploads\/2022\/04\/apps.20170.13510798882838767.bf0e0b36-ce5d-43b2-b6c6-c4974910d78d-150x150.png 150w\" sizes=\"(max-width: 80px) 100vw, 80px\" \/><\/strong><\/p>\n<p style=\"text-align: center;\"><strong>IBAN:<\/strong> AO06 0060 0132 0100 2490 3324 5 <strong>(AKZ)<\/strong><strong><\/strong><\/p>\n<p>&nbsp;<\/p>\n<p>[\/et_pb_text][\/et_pb_column][\/et_pb_row][\/et_pb_section]<\/p>\n","protected":false},"excerpt":{"rendered":"<p>Cadastro de Pacientes\n<div class=\"wpcf7 no-js\" id=\"wpcf7-f63-o2\" lang=\"pt-PT\" dir=\"ltr\" data-wpcf7-id=\"63\">\n<div class=\"screen-reader-response\"><p role=\"status\" aria-live=\"polite\" aria-atomic=\"true\"><\/p> <ul><\/ul><\/div>\n<form action=\"\/index.php\/wp-json\/wp\/v2\/pages\/61#wpcf7-f63-o2\" method=\"post\" class=\"wpcf7-form init\" aria-label=\"Formul\u00e1rio de contacto\" enctype=\"multipart\/form-data\" novalidate=\"novalidate\" data-status=\"init\">\n<fieldset class=\"hidden-fields-container\"><input type=\"hidden\" name=\"_wpcf7\" value=\"63\" \/><input type=\"hidden\" name=\"_wpcf7_version\" value=\"6.1.4\" \/><input type=\"hidden\" name=\"_wpcf7_locale\" value=\"pt_PT\" \/><input type=\"hidden\" name=\"_wpcf7_unit_tag\" value=\"wpcf7-f63-o2\" \/><input type=\"hidden\" name=\"_wpcf7_container_post\" value=\"0\" \/><input type=\"hidden\" name=\"_wpcf7_posted_data_hash\" value=\"\" \/>\n<\/fieldset>\n<p><label> Nome<br \/>\n<span class=\"wpcf7-form-control-wrap\" data-name=\"your-name\"><input size=\"40\" maxlength=\"400\" class=\"wpcf7-form-control wpcf7-text wpcf7-validates-as-required\" aria-required=\"true\" aria-invalid=\"false\" value=\"\" type=\"text\" name=\"your-name\" \/><\/span> <\/label>\n<\/p>\n<p><label> Email<br \/>\n<span class=\"wpcf7-form-control-wrap\" data-name=\"your-email\"><input size=\"40\" maxlength=\"400\" class=\"wpcf7-form-control wpcf7-email wpcf7-validates-as-required wpcf7-text wpcf7-validates-as-email\" aria-required=\"true\" aria-invalid=\"false\" value=\"\" type=\"email\" name=\"your-email\" \/><\/span> <\/label>\n<\/p>\n<p><label> Data de Nascimento<br \/>\n<span class=\"wpcf7-form-control-wrap\" data-name=\"datadenascimento\"><input size=\"40\" maxlength=\"400\" class=\"wpcf7-form-control wpcf7-tel wpcf7-validates-as-required wpcf7-text wpcf7-validates-as-tel\" aria-required=\"true\" aria-invalid=\"false\" value=\"\" type=\"tel\" name=\"datadenascimento\" \/><\/span> <\/label>\n<\/p>\n<p><label> Tipo de Documento<br \/>\n<span class=\"wpcf7-form-control-wrap\" data-name=\"tipodedocumento\"><select class=\"wpcf7-form-control wpcf7-select wpcf7-validates-as-required\" aria-required=\"true\" aria-invalid=\"false\" name=\"tipodedocumento\"><option value=\"\">&#8212;Por favor escolha uma op\u00e7\u00e3o&#8212;<\/option><option value=\"C\u00e9dula Pessoal\">C\u00e9dula Pessoal<\/option><option value=\"Bilhete de Identidade Passaporte\">Bilhete de Identidade Passaporte<\/option><option value=\"Carta de Condu\u00e7\u00e3o\">Carta de Condu\u00e7\u00e3o<\/option><\/select><\/span> <\/label>\n<\/p>\n<p><label> N\u00ba de Documento<br \/>\n<span class=\"wpcf7-form-control-wrap\" data-name=\"documento\"><input size=\"40\" maxlength=\"400\" class=\"wpcf7-form-control wpcf7-text wpcf7-validates-as-required\" aria-required=\"true\" aria-invalid=\"false\" value=\"\" type=\"text\" name=\"documento\" \/><\/span> <\/label>\n<\/p>\n<p><label> Sexo<br \/>\n<span class=\"wpcf7-form-control-wrap\" data-name=\"sexo\"><select class=\"wpcf7-form-control wpcf7-select wpcf7-validates-as-required\" aria-required=\"true\" aria-invalid=\"false\" name=\"sexo\"><option value=\"\">&#8212;Por favor escolha uma op\u00e7\u00e3o&#8212;<\/option><option value=\"Masculino\">Masculino<\/option><option value=\"Feminino\">Feminino<\/option><\/select><\/span> <\/label>\n<\/p>\n<p><label> Morada<br \/>\n<span class=\"wpcf7-form-control-wrap\" data-name=\"morada\"><input size=\"40\" maxlength=\"400\" class=\"wpcf7-form-control wpcf7-text wpcf7-validates-as-required\" aria-required=\"true\" aria-invalid=\"false\" value=\"\" type=\"text\" name=\"morada\" \/><\/span> <\/label>\n<\/p>\n<p><label> Contacto<br \/>\n<span class=\"wpcf7-form-control-wrap\" data-name=\"contacto\"><input size=\"40\" maxlength=\"400\" class=\"wpcf7-form-control wpcf7-tel wpcf7-validates-as-required wpcf7-text wpcf7-validates-as-tel\" aria-required=\"true\" aria-invalid=\"false\" value=\"\" type=\"tel\" name=\"contacto\" \/><\/span> <\/label>\n<\/p>\n<p><label> Hist\u00f3rico de Sa\u00fade<br \/>\n<span class=\"wpcf7-form-control-wrap\" data-name=\"historicodesaude\"><textarea cols=\"40\" rows=\"10\" maxlength=\"2000\" class=\"wpcf7-form-control wpcf7-textarea\" aria-invalid=\"false\" name=\"historicodesaude\"><\/textarea><\/span> <\/label>\n<\/p>\n<p><label> Adicione o seu comprovante de pagamento<br \/>\n<span class=\"wpcf7-form-control-wrap\" data-name=\"comprovante\"><input size=\"40\" class=\"wpcf7-form-control wpcf7-file\" accept=\"audio\/*,video\/*,image\/*\" aria-invalid=\"false\" type=\"file\" name=\"comprovante\" \/><\/span> <\/label>\n<\/p>\n<p><input class=\"wpcf7-form-control wpcf7-submit has-spinner\" type=\"submit\" value=\"Finalizar Cadastro\" \/>\n<\/p><div class=\"wpcf7-response-output\" aria-hidden=\"true\"><\/div>\n<\/form>\n<\/div>\nPara efectuar o pagamento da sua consulta online, queira por favor faz\u00ea-lo atrav\u00e9s do Multicaixa normal, Express ou Internet Banking pelas coordenadas abaixo, e adicione o seu comprovativo no final do formul\u00e1rio.EGUS EMPRESA DE GEST\u00c3O DE UNIDADE DE SA\u00daDE, LDA CL\u00cdNICA KATONDO\u00a0 \u00a0|\u00a0 \u00a0 N\u00ba Contribuinte: 5480040744 IBAN: AO06 0006 0000 [&hellip;]<\/p>\n","protected":false},"author":1,"featured_media":0,"parent":0,"menu_order":0,"comment_status":"closed","ping_status":"closed","template":"","meta":{"_et_pb_use_builder":"on","_et_pb_old_content":"","_et_gb_content_width":"","footnotes":""},"class_list":["post-61","page","type-page","status-publish","hentry"],"aioseo_notices":[],"_links":{"self":[{"href":"https:\/\/clinicakatondo.ao\/index.php\/wp-json\/wp\/v2\/pages\/61","targetHints":{"allow":["GET"]}}],"collection":[{"href":"https:\/\/clinicakatondo.ao\/index.php\/wp-json\/wp\/v2\/pages"}],"about":[{"href":"https:\/\/clinicakatondo.ao\/index.php\/wp-json\/wp\/v2\/types\/page"}],"author":[{"embeddable":true,"href":"https:\/\/clinicakatondo.ao\/index.php\/wp-json\/wp\/v2\/users\/1"}],"replies":[{"embeddable":true,"href":"https:\/\/clinicakatondo.ao\/index.php\/wp-json\/wp\/v2\/comments?post=61"}],"version-history":[{"count":9,"href":"https:\/\/clinicakatondo.ao\/index.php\/wp-json\/wp\/v2\/pages\/61\/revisions"}],"predecessor-version":[{"id":229,"href":"https:\/\/clinicakatondo.ao\/index.php\/wp-json\/wp\/v2\/pages\/61\/revisions\/229"}],"wp:attachment":[{"href":"https:\/\/clinicakatondo.ao\/index.php\/wp-json\/wp\/v2\/media?parent=61"}],"curies":[{"name":"wp","href":"https:\/\/api.w.org\/{rel}","templated":true}]}}